{"id":1627,"date":"2020-08-16T07:24:04","date_gmt":"2020-08-16T05:24:04","guid":{"rendered":"http:\/\/web.evertop.pl\/polityka-prywatnosci\/"},"modified":"2021-02-12T13:16:35","modified_gmt":"2021-02-12T12:16:35","slug":"personvernerklaering","status":"publish","type":"page","link":"https:\/\/www.evertop.pl\/no\/personvernerklaering\/","title":{"rendered":"Personvernerkl\u00e6ring"},"content":{"rendered":"<p>Denne personvernerkl\u00e6ringen omfatter administratorens retningslinjer for lagring og nedlastning av data fra enhetene til de brukerne som benytter seg av denne nettsiden med den hensikt \u00e5 kunne yte service til dem elektronisk.<\/p>\n<p>&nbsp;<\/p>\n<h3>\u00a7 1 <strong>Definisjoner<\/strong><\/h3>\n<ol>\n<li><strong>Nettsiden <\/strong>&#8211; nettsiden befinner seg p\u00e5 adresse www.web.evertop.pl<\/li>\n<li><strong>Ekstern nettakt\u00f8r<\/strong> &#8211; nettsidene til v\u00e5re nettpartnere, administratorens leverand\u00f8rer eller kunder<\/li>\n<li><strong>Administrator <\/strong>&#8211; Evertop Sp. z o.o. med bedriftsadresse: ul. Dluga 1-3, 41-506 Chorzow, Polen, NIP-nummer 6272737893, REGON-nummer: 243493773 og KRS-nummer:\u00a00000499001, yter elektroniske tjenester via nettsiden, samt oppbevarer og henter inn informasjon fra brukerens enheter.<\/li>\n<li><strong>Bruker <\/strong>&#8211; en fysisk person som administratoren yter sine elektroniske tjenester til via nettsiden.<\/li>\n<li><strong>Brukerenhet <\/strong>&#8211; en elektronisk enhet utstyrt med programvare som brukeren benytter seg av for \u00e5 f\u00e5 tilgang til nettsiden.<\/li>\n<li><strong>Informasjonskapsler <\/strong>&#8211; tekstdata samlet som filer p\u00e5 brukerens enhet<\/li>\n<\/ol>\n<p>&nbsp;<\/p>\n<h3>\u00a7 2 <strong>Informasjonskapseltyper<\/strong><\/h3>\n<ol>\n<li><strong>Interne informasjonskapsler <\/strong>&#8211; sm\u00e5 tekstfiler som lagres og leses av p\u00e5 brukerens enhet av nettsidens IKT-system<\/li>\n<li><strong>Eksterne informasjonskapsler <\/strong>&#8211; sm\u00e5 tekstfiler som lagres og leses av p\u00e5 brukerens enhet av eksterne nettsiders IKT-system<\/li>\n<li><strong>Sesjonavhengige informasjonskapsler <\/strong>&#8211; sm\u00e5 tekstfiler som lagres og leses av p\u00e5 brukerens enhet av nettsiden eller eksterne nettsider i l\u00f8pet av en \u00f8kt. Etter \u00f8kten slettes tekstfilene fra brukerens enhet.<\/li>\n<li><strong>Vedvarende informasjonskapsler &#8211; <\/strong>sm\u00e5 tekstfiler som lagres og leses av p\u00e5 brukerens enhet av nettsiden eller eksterne nettsider helt til de slettes manuelt. Disse filene slettes ikke automatisk etter avsluttet \u00f8kt, med mindre brukeren har aktivert automatisk sletting av informasjonskapsler etter hver avsluttede \u00f8kt p\u00e5 sin egen brukerenhet.<\/li>\n<\/ol>\n<p>&nbsp;<\/p>\n<h3>\u00a7 3 <strong>Sikkerhet<\/strong><\/h3>\n<ol>\n<li><strong>Lagrings- og lesemekanismer <\/strong>&#8211; Lagrings- og lesemekanismer for informasjonskapsler tillater ikke nedlasting av personopplysninger eller konfidensiell informasjon fra brukerens enhet. Overf\u00f8ring av virus, trojanere og ormer til brukerens enhet er praktisk talt umulig.<\/li>\n<li><strong>Interne informasjonskapsler <\/strong>&#8211; administratorens interne informasjonskapsler er trygge for brukerens enhet.<\/li>\n<li><strong>Eksterne informasjonskapsler <\/strong>&#8211; administratoren er ikke ansvarlig for sikkerheten rundt informasjonskapsler som stammer fra eksterne nettakt\u00f8rer. Listen over samarbeidspartnere er oppgitt i nedre del av denne erkl\u00e6ringen om informasjonskapsler.<\/li>\n<\/ol>\n<p>&nbsp;<\/p>\n<h3>\u00a7 4 <strong>Informasjonkapslenes bruksform\u00e5l<\/strong><\/h3>\n<ol>\n<li><strong>Optimalisere og forenkle tilgangen til nettstedet <\/strong>&#8211; administratorens informasjonskapsler kan oppbevare informasjon om preferanser og brukerinnstillinger med den hensikt \u00e5 gj\u00f8re nettstedet bedre, raskere og mer brukervennlig.<\/li>\n<li><strong>Innlogging <\/strong>&#8211; administratoren bruker informasjonskapsler p\u00e5 nettstedet slik at brukeren kan logge seg inn p\u00e5 sin brukerkonto<\/li>\n<li><strong>Markedsf\u00f8ring og reklame <\/strong>&#8211; administratoren og eksterne nettakt\u00f8rer bruker informasjonskapsler for markedsf\u00f8ringsform\u00e5l og reklame m\u00e5lrettet mot brukeren.<\/li>\n<li><strong>Statistikk <\/strong>&#8211; administratoren og eksterne nettakt\u00f8rer bruker informasjonskapsler for innsamling av statistiske data som f.eks. bes\u00f8ksstatistikk, statistikk over brukernes enheter og atferd. Disse opplysningene samles inn for \u00e5 kunne analysere og forbedre nettsidens funksjoner.<\/li>\n<\/ol>\n<p>&nbsp;<\/p>\n<h3>\u00a7 5 <strong>Eksterne nettakt\u00f8rer<\/strong><\/h3>\n<p>Eksterne nettakt\u00f8rer kan plassere informasjonskapsler p\u00e5 brukerens enhet. Administratoren samarbeider med f\u00f8lgende eksterne nettakt\u00f8rer:<\/p>\n<ul>\n<li><strong>Google Analytics<\/strong><\/li>\n<li><strong>Google AdSense<\/strong><\/li>\n<li><strong>Google AdWords<\/strong><\/li>\n<\/ul>\n<p>&nbsp;<\/p>\n<h3>\u00a7 <strong>6 Google reCAPTCHA<\/strong><\/h3>\n<ol>\n<li>Nettsidens administrator benytter seg av tjenesten \u201eGoogle reCAPTCHA\u201d (videre kalt for \u201ereCAPTCHA\u201d). Leverand\u00f8ren for denne tjenesten er Google Inc., 1600 Amphitheatre Parkway, Mountain View, CA 94043, USA (\u201eGoogle\u201d).<\/li>\n<li>M\u00e5let med reCAPTCHA er \u00e5 verifisere nettsidens data (f.eks. informasjonen i et kontaktskjema) som oppgis av et menneske eller automatisk program. reCAPTCHA analyserer den bes\u00f8kendes aktivitet p\u00e5 nettsiden i forhold til ulike egenskaper. Analysen starter automatisk med det samme brukeren bes\u00f8ker nettstedet. reCAPTCHA analyserer og vurderer ulik informasjon (f.eks. IP-adresse, innloggingstid eller brukerens musebevegelser). Innsamlet analysedata sendes til Google.<\/li>\n<li>reCAPTCHA-analysen foreg\u00e5r i bakgrunnen. Brukeren informeres ikke om analysen som utf\u00f8res.<\/li>\n<li>Databehandling som inneb\u00e6rer bruken av reCAPTCHA, er i samsvar med art. 6 pkt. 1.f.) GDPR, der administratorens juridisk berettigede interesse er \u00e5 beskytte nettstedet mot u\u00e6rlig automatisert spionasje og spam.<\/li>\n<li>Dersom et slikt tilfelle forekommer har administratoren rett til \u00e5 avsl\u00f8re og dele brukerens IP-adresse og annen informasjon om brukerens atferd p\u00e5 nettsiden med leverand\u00f8ren av reCAPTCHA. Dersom brukerens atferd gjenkjennes som robotatferd vil programvareagentens mulighet til \u00e5 utf\u00f8re enkelte aktiviteter p\u00e5 nettsiden begrenses.<\/li>\n<\/ol>\n<p>&nbsp;<\/p>\n<h3>\u00a7 7 <strong>Brukerens rettigheter til \u00e5 definere vilk\u00e5r for oppbevaring og innhenting av data fra brukerens enhet utf\u00f8rt av nettsiden eller eksterne nettakt\u00f8rer<\/strong><\/h3>\n<ol>\n<li>Brukeren kan til enhver tid selvstendig endre innstillingene for lagring, sletting og tilgang til informasjonen lagret i informasjonskapslene<\/li>\n<li>Instruksjon om hvordan man kan deaktivere informasjonskapsler i de mest popul\u00e6re nettleserne p\u00e5 stasjon\u00e6re og mobile enheter finner man p\u00e5: <u>deaktivering av informasjonskapsler<\/u>.<\/li>\n<li>Brukeren kan til enhver tid fjerne hvilke som helst lagrede informasjonskapsler p\u00e5 den brukerenheten som har v\u00e6rt brukt til \u00e5 \u00e5pne nettsiden.<\/li>\n<\/ol>\n<p>&nbsp;<\/p>\n<h3>\u00a7 8 <strong>Nettsidens krav<\/strong><\/h3>\n<ol>\n<li>Dersom muligheten for lagring og tilgangen til informasjonskapslene p\u00e5 brukerens enhet begrenses, s\u00e5 kan dette gj\u00f8re det umulig \u00e5 utf\u00f8re enkelte av nettsidens funksjoner.<\/li>\n<li>Administratoren er ikke ansvarlig for at nettsidens funksjoner begrenser brukeren i \u00e5 utf\u00f8re enkelte aktiviteter dersom brukeren selv har begrenset muligheten for lagring og lesing av nettsidens informasjonskapsler.<\/li>\n<\/ol>\n<p>&nbsp;<\/p>\n<h3>\u00a7 9 <strong>Personvern<\/strong><\/h3>\n<ol>\n<li>Administratoren er administrator av de personopplysninger som samles inn ved bruk av nettsiden. Personvernet utf\u00f8res i samsvar med art. 4 pkt. 7 i personvernforordningen (GDPR).<\/li>\n<li>Brukeren har rett til \u00e5 f\u00e5 tilgang til de personopplysningene som administratoren har samlet inn om vedkommende for \u00e5 kunne redigere disse. Brukeren har ogs\u00e5 rett til \u00e5 be om at opplysningene slettes eller at deres videreformidling begrenses, eller at de ikke overf\u00f8res til en annen administrator i henhold til vilk\u00e5r som omfattes av gjeldende lover. Brukeren har ogs\u00e5 rett til \u00e5 klage p\u00e5 behandlingen av sine personopplysninger, spesielt dersom disse benyttes til profilering.<\/li>\n<li>Brukeren har rett til \u00e5 sende inn eventuelle klager til en tilsynsmyndighet (Datatilsynet) ved enhver mistanke om misbruk av vedkommendes personopplysninger i henhold til gjeldende lover.<\/li>\n<li>Brukerens personopplysninger deles ikke med andre i samsvar med personvernforordningen GDPR med mindre dette kreves av gjeldende forskrifter eller dersom opplysningene m\u00e5 overf\u00f8res til underleverand\u00f8rer p\u00e5 administratorens foresp\u00f8rsel, inkludert eksterne IT-akt\u00f8rer.<\/li>\n<li>Utenom brukeradferdanalysen som brukes til \u00e5 identifisere robotatferd, er brukerens personopplysninger ikke brukt til annen automatisert databehandling.<\/li>\n<\/ol>\n<p>&nbsp;<\/p>\n<h3>\u00a7 10 <strong>Endringer i personvernerkl\u00e6ringen<\/strong><\/h3>\n<ol>\n<li>Administratoren forbeholder seg retten til \u00e5 endre personvernerkl\u00e6ringen uten \u00e5 m\u00e5tte informere brukerne om dette.<\/li>\n<li>Nye endringer innf\u00f8rt i nettsidens personvernerkl\u00e6ring vil alltid publiseres p\u00e5 denne siden.<\/li>\n<li>Endringene gjelder fra og med den dagen personvernerkl\u00e6ringen publiseres.<\/li>\n<\/ol>\n","protected":false},"excerpt":{"rendered":"<p>Denne personvernerkl\u00e6ringen omfatter administratorens retningslinjer for lagring og nedlastning av data fra enhetene til de brukerne som benytter seg av denne nettsiden med den hensikt \u00e5 kunne yte service til dem elektronisk. &nbsp; \u00a7 1 Definisjoner Nettsiden &#8211; nettsiden befinner seg p\u00e5 adresse www.web.evertop.pl Ekstern nettakt\u00f8r &#8211; nettsidene til v\u00e5re nettpartnere, administratorens leverand\u00f8rer eller kunder [&hellip;]<\/p>\n","protected":false},"author":1,"featured_media":1611,"parent":0,"menu_order":0,"comment_status":"closed","ping_status":"closed","template":"page-text.php","meta":[],"yoast_head":"<!-- This site is optimized with the Yoast SEO plugin v16.8 - https:\/\/yoast.com\/wordpress\/plugins\/seo\/ -->\n<title>Personvernerkl\u00e6ring - Evertop<\/title>\n<meta name=\"robots\" content=\"index, follow, max-snippet:-1, max-image-preview:large, max-video-preview:-1\" \/>\n<link rel=\"canonical\" href=\"https:\/\/www.evertop.pl\/no\/personvernerklaering\/\" \/>\n<meta property=\"og:locale\" content=\"nb_NO\" \/>\n<meta property=\"og:type\" content=\"article\" \/>\n<meta property=\"og:title\" content=\"Personvernerkl\u00e6ring - Evertop\" \/>\n<meta property=\"og:description\" content=\"Denne personvernerkl\u00e6ringen omfatter administratorens retningslinjer for lagring og nedlastning av data fra enhetene til de brukerne som benytter seg av denne nettsiden med den hensikt \u00e5 kunne yte service til dem elektronisk. &nbsp; \u00a7 1 Definisjoner Nettsiden &#8211; nettsiden befinner seg p\u00e5 adresse www.web.evertop.pl Ekstern nettakt\u00f8r &#8211; nettsidene til v\u00e5re nettpartnere, administratorens leverand\u00f8rer eller kunder [&hellip;]\" \/>\n<meta property=\"og:url\" content=\"https:\/\/www.evertop.pl\/no\/personvernerklaering\/\" \/>\n<meta property=\"og:site_name\" content=\"Evertop\" \/>\n<meta property=\"article:publisher\" content=\"https:\/\/www.facebook.com\/EvertopPoland\/\" \/>\n<meta property=\"article:modified_time\" content=\"2021-02-12T12:16:35+00:00\" \/>\n<meta property=\"og:image\" content=\"https:\/\/www.evertop.pl\/wp-content\/uploads\/2020\/09\/top-polityka.jpg\" \/>\n\t<meta property=\"og:image:width\" content=\"1185\" \/>\n\t<meta property=\"og:image:height\" content=\"415\" \/>\n<meta name=\"twitter:card\" content=\"summary_large_image\" \/>\n<meta name=\"twitter:label1\" content=\"Ansl. lesetid\" \/>\n\t<meta name=\"twitter:data1\" content=\"5 minutter\" \/>\n<script type=\"application\/ld+json\" class=\"yoast-schema-graph\">{\"@context\":\"https:\/\/schema.org\",\"@graph\":[{\"@type\":\"Organization\",\"@id\":\"https:\/\/www.evertop.pl\/#organization\",\"name\":\"Evertop\",\"url\":\"https:\/\/www.evertop.pl\/\",\"sameAs\":[\"https:\/\/www.facebook.com\/EvertopPoland\/\",\"https:\/\/www.linkedin.com\/company\/evertop-software-development\/\"],\"logo\":{\"@type\":\"ImageObject\",\"@id\":\"https:\/\/www.evertop.pl\/#logo\",\"inLanguage\":\"nb-NO\",\"url\":\"https:\/\/www.evertop.pl\/wp-content\/uploads\/2021\/04\/logo_new.png\",\"contentUrl\":\"https:\/\/www.evertop.pl\/wp-content\/uploads\/2021\/04\/logo_new.png\",\"width\":582,\"height\":114,\"caption\":\"Evertop\"},\"image\":{\"@id\":\"https:\/\/www.evertop.pl\/#logo\"}},{\"@type\":\"WebSite\",\"@id\":\"https:\/\/www.evertop.pl\/#website\",\"url\":\"https:\/\/www.evertop.pl\/\",\"name\":\"Evertop\",\"description\":\"we code the future\",\"publisher\":{\"@id\":\"https:\/\/www.evertop.pl\/#organization\"},\"potentialAction\":[{\"@type\":\"SearchAction\",\"target\":{\"@type\":\"EntryPoint\",\"urlTemplate\":\"https:\/\/www.evertop.pl\/?s={search_term_string}\"},\"query-input\":\"required name=search_term_string\"}],\"inLanguage\":\"nb-NO\"},{\"@type\":\"ImageObject\",\"@id\":\"https:\/\/www.evertop.pl\/no\/personvernerklaering\/#primaryimage\",\"inLanguage\":\"nb-NO\",\"url\":\"https:\/\/www.evertop.pl\/wp-content\/uploads\/2020\/09\/top-polityka.jpg\",\"contentUrl\":\"https:\/\/www.evertop.pl\/wp-content\/uploads\/2020\/09\/top-polityka.jpg\",\"width\":1185,\"height\":415},{\"@type\":\"WebPage\",\"@id\":\"https:\/\/www.evertop.pl\/no\/personvernerklaering\/#webpage\",\"url\":\"https:\/\/www.evertop.pl\/no\/personvernerklaering\/\",\"name\":\"Personvernerkl\\u00e6ring - Evertop\",\"isPartOf\":{\"@id\":\"https:\/\/www.evertop.pl\/#website\"},\"primaryImageOfPage\":{\"@id\":\"https:\/\/www.evertop.pl\/no\/personvernerklaering\/#primaryimage\"},\"datePublished\":\"2020-08-16T05:24:04+00:00\",\"dateModified\":\"2021-02-12T12:16:35+00:00\",\"breadcrumb\":{\"@id\":\"https:\/\/www.evertop.pl\/no\/personvernerklaering\/#breadcrumb\"},\"inLanguage\":\"nb-NO\",\"potentialAction\":[{\"@type\":\"ReadAction\",\"target\":[\"https:\/\/www.evertop.pl\/no\/personvernerklaering\/\"]}]},{\"@type\":\"BreadcrumbList\",\"@id\":\"https:\/\/www.evertop.pl\/no\/personvernerklaering\/#breadcrumb\",\"itemListElement\":[{\"@type\":\"ListItem\",\"position\":1,\"name\":\"Strona g\\u0142\\u00f3wna\",\"item\":\"https:\/\/www.evertop.pl\/no\/\"},{\"@type\":\"ListItem\",\"position\":2,\"name\":\"Personvernerkl\\u00e6ring\"}]}]}<\/script>\n<!-- \/ Yoast SEO plugin. -->","yoast_head_json":{"title":"Personvernerkl\u00e6ring - Evertop","robots":{"index":"index","follow":"follow","max-snippet":"max-snippet:-1","max-image-preview":"max-image-preview:large","max-video-preview":"max-video-preview:-1"},"canonical":"https:\/\/www.evertop.pl\/no\/personvernerklaering\/","og_locale":"nb_NO","og_type":"article","og_title":"Personvernerkl\u00e6ring - Evertop","og_description":"Denne personvernerkl\u00e6ringen omfatter administratorens retningslinjer for lagring og nedlastning av data fra enhetene til de brukerne som benytter seg av denne nettsiden med den hensikt \u00e5 kunne yte service til dem elektronisk. &nbsp; \u00a7 1 Definisjoner Nettsiden &#8211; nettsiden befinner seg p\u00e5 adresse www.web.evertop.pl Ekstern nettakt\u00f8r &#8211; nettsidene til v\u00e5re nettpartnere, administratorens leverand\u00f8rer eller kunder [&hellip;]","og_url":"https:\/\/www.evertop.pl\/no\/personvernerklaering\/","og_site_name":"Evertop","article_publisher":"https:\/\/www.facebook.com\/EvertopPoland\/","article_modified_time":"2021-02-12T12:16:35+00:00","og_image":[{"width":1185,"height":415,"url":"https:\/\/www.evertop.pl\/wp-content\/uploads\/2020\/09\/top-polityka.jpg","path":"\/home\/evertop\/web-evertop\/wp-content\/uploads\/2020\/09\/top-polityka.jpg","size":"full","id":1611,"alt":"","pixels":491775,"type":"image\/jpeg"}],"twitter_card":"summary_large_image","twitter_misc":{"Ansl. lesetid":"5 minutter"},"schema":{"@context":"https:\/\/schema.org","@graph":[{"@type":"Organization","@id":"https:\/\/www.evertop.pl\/#organization","name":"Evertop","url":"https:\/\/www.evertop.pl\/","sameAs":["https:\/\/www.facebook.com\/EvertopPoland\/","https:\/\/www.linkedin.com\/company\/evertop-software-development\/"],"logo":{"@type":"ImageObject","@id":"https:\/\/www.evertop.pl\/#logo","inLanguage":"nb-NO","url":"https:\/\/www.evertop.pl\/wp-content\/uploads\/2021\/04\/logo_new.png","contentUrl":"https:\/\/www.evertop.pl\/wp-content\/uploads\/2021\/04\/logo_new.png","width":582,"height":114,"caption":"Evertop"},"image":{"@id":"https:\/\/www.evertop.pl\/#logo"}},{"@type":"WebSite","@id":"https:\/\/www.evertop.pl\/#website","url":"https:\/\/www.evertop.pl\/","name":"Evertop","description":"we code the future","publisher":{"@id":"https:\/\/www.evertop.pl\/#organization"},"potentialAction":[{"@type":"SearchAction","target":{"@type":"EntryPoint","urlTemplate":"https:\/\/www.evertop.pl\/?s={search_term_string}"},"query-input":"required name=search_term_string"}],"inLanguage":"nb-NO"},{"@type":"ImageObject","@id":"https:\/\/www.evertop.pl\/no\/personvernerklaering\/#primaryimage","inLanguage":"nb-NO","url":"https:\/\/www.evertop.pl\/wp-content\/uploads\/2020\/09\/top-polityka.jpg","contentUrl":"https:\/\/www.evertop.pl\/wp-content\/uploads\/2020\/09\/top-polityka.jpg","width":1185,"height":415},{"@type":"WebPage","@id":"https:\/\/www.evertop.pl\/no\/personvernerklaering\/#webpage","url":"https:\/\/www.evertop.pl\/no\/personvernerklaering\/","name":"Personvernerkl\u00e6ring - Evertop","isPartOf":{"@id":"https:\/\/www.evertop.pl\/#website"},"primaryImageOfPage":{"@id":"https:\/\/www.evertop.pl\/no\/personvernerklaering\/#primaryimage"},"datePublished":"2020-08-16T05:24:04+00:00","dateModified":"2021-02-12T12:16:35+00:00","breadcrumb":{"@id":"https:\/\/www.evertop.pl\/no\/personvernerklaering\/#breadcrumb"},"inLanguage":"nb-NO","potentialAction":[{"@type":"ReadAction","target":["https:\/\/www.evertop.pl\/no\/personvernerklaering\/"]}]},{"@type":"BreadcrumbList","@id":"https:\/\/www.evertop.pl\/no\/personvernerklaering\/#breadcrumb","itemListElement":[{"@type":"ListItem","position":1,"name":"Strona g\u0142\u00f3wna","item":"https:\/\/www.evertop.pl\/no\/"},{"@type":"ListItem","position":2,"name":"Personvernerkl\u00e6ring"}]}]}},"_links":{"self":[{"href":"https:\/\/www.evertop.pl\/no\/wp-json\/wp\/v2\/pages\/1627"}],"collection":[{"href":"https:\/\/www.evertop.pl\/no\/wp-json\/wp\/v2\/pages"}],"about":[{"href":"https:\/\/www.evertop.pl\/no\/wp-json\/wp\/v2\/types\/page"}],"author":[{"embeddable":true,"href":"https:\/\/www.evertop.pl\/no\/wp-json\/wp\/v2\/users\/1"}],"replies":[{"embeddable":true,"href":"https:\/\/www.evertop.pl\/no\/wp-json\/wp\/v2\/comments?post=1627"}],"version-history":[{"count":9,"href":"https:\/\/www.evertop.pl\/no\/wp-json\/wp\/v2\/pages\/1627\/revisions"}],"predecessor-version":[{"id":2965,"href":"https:\/\/www.evertop.pl\/no\/wp-json\/wp\/v2\/pages\/1627\/revisions\/2965"}],"wp:featuredmedia":[{"embeddable":true,"href":"https:\/\/www.evertop.pl\/no\/wp-json\/wp\/v2\/media\/1611"}],"wp:attachment":[{"href":"https:\/\/www.evertop.pl\/no\/wp-json\/wp\/v2\/media?parent=1627"}],"curies":[{"name":"wp","href":"https:\/\/api.w.org\/{rel}","templated":true}]}}